{"id":83,"date":"2025-04-07T02:13:43","date_gmt":"2025-04-07T02:13:43","guid":{"rendered":"https:\/\/brasilpqp.com\/?page_id=83"},"modified":"2025-06-06T21:40:19","modified_gmt":"2025-06-06T21:40:19","slug":"podpqp","status":"publish","type":"page","link":"https:\/\/brasilpqp.com\/","title":{"rendered":""},"content":{"rendered":"\n<div class=\"wp-block-group alignfull has-black-background-color has-background is-layout-flow wp-block-group-is-layout-flow\">\n<h2 class=\"wp-block-heading has-text-align-center has-white-color has-text-color\">PODPQP<\/h2>\n\n\n\n<p class=\"has-text-align-center has-lightgrey-color has-text-color has-link-color wp-elements-ae6eb718128e6959f786d4f573bccac5\">ONDE TUDO \u00c9 PERMETIDO. MAS, NEM TUDO N\u00d3S CONV\u00caM!<\/p>\n\n\n\n<p class=\"has-white-color has-text-color\"><\/p>\n\n\n\n<h2 class=\"wp-block-heading has-text-align-center has-white-color has-text-color\"><\/h2>\n\n\n\n<p><\/p>\n\n\n\n<p class=\"has-text-align-center has-lightgrey-color has-text-color has-link-color wp-elements-556f59e57b7fa5b1783b6d68fe11aed0\"><a href=\"https:\/\/open.spotify.com\/episode\/3UQ6gsJvaPPJogh2D9wikp\" target=\"_blank\" rel=\"noreferrer noopener\">Link spotify<\/a><\/p>\n\n\n\n<p class=\"has-white-color has-text-color has-link-color wp-elements-c645e628e62f8fbab9d9726851472d16\"><\/p>\n\n\n\n<div class=\"wp-block-columns is-layout-flex wp-container-core-columns-is-layout-28f84493 wp-block-columns-is-layout-flex\">\n<div class=\"wp-block-column is-layout-flow wp-block-column-is-layout-flow\" style=\"flex-basis:25%\"><\/div>\n\n\n\n<div class=\"wp-block-column is-layout-flow wp-block-column-is-layout-flow\" style=\"flex-basis:50%\">\n<iframe style=\"border-radius:12px\" src=\"https:\/\/open.spotify.com\/embed\/episode\/3UQ6gsJvaPPJogh2D9wikp?utm_source=generator\" width=\"100%\" height=\"152\" frameBorder=\"0\" allowfullscreen=\"\" allow=\"autoplay; clipboard-write; encrypted-media; fullscreen; picture-in-picture\" loading=\"lazy\"><\/iframe>\n<\/div>\n\n\n\n<div class=\"wp-block-column is-layout-flow wp-block-column-is-layout-flow\" style=\"flex-basis:25%\"><\/div>\n<\/div>\n\n\n\n<hr class=\"wp-block-separator has-alpha-channel-opacity is-style-wide\"\/>\n\n\n\n<div class=\"wp-block-columns is-layout-flex wp-container-core-columns-is-layout-28f84493 wp-block-columns-is-layout-flex\">\n<div class=\"wp-block-column is-layout-flow wp-block-column-is-layout-flow\" style=\"flex-basis:25%\"><\/div>\n\n\n\n<div class=\"wp-block-column is-layout-flow wp-block-column-is-layout-flow\" style=\"flex-basis:50%\">\n<iframe style=\"border-radius:12px\" src=\"https:\/\/open.spotify.com\/embed\/episode\/1e2gQxsDkgiVMv8nZxMYY9?utm_source=generator\" width=\"100%\" height=\"152\" frameBorder=\"0\" allowfullscreen=\"\" allow=\"autoplay; clipboard-write; encrypted-media; fullscreen; picture-in-picture\" loading=\"lazy\"><\/iframe>\n<\/div>\n\n\n\n<div class=\"wp-block-column is-layout-flow wp-block-column-is-layout-flow\" style=\"flex-basis:25%\"><\/div>\n<\/div>\n\n\n\n<h2 class=\"wp-block-heading has-text-align-center has-white-color has-text-color has-link-color wp-elements-2708899c0cdebccfe7536cb44bd03e0a\"><strong><strong>PODPQP<\/strong><\/strong><\/h2>\n\n\n\n<div class=\"wp-block-columns is-layout-flex wp-container-core-columns-is-layout-28f84493 wp-block-columns-is-layout-flex\">\n<div class=\"wp-block-column is-layout-flow wp-block-column-is-layout-flow\" style=\"flex-basis:25%\"><\/div>\n\n\n\n<div class=\"wp-block-column is-layout-flow wp-block-column-is-layout-flow\" style=\"flex-basis:50%\">\n<p class=\"has-white-color has-text-color\">O POD PQP \u00e9 um podcast inovador com o objetivo de entrevistar agentes p\u00fablicos e artistas contemplados por leis de incentivo cultural. Nosso prop\u00f3sito \u00e9 ampliar a transpar\u00eancia sobre o uso desses recursos, destacar a import\u00e2ncia dos investimentos na cultura e dar visibilidade aos projetos financiados por essas pol\u00edticas p\u00fablicas.<\/p>\n\n\n\n<p class=\"has-white-color has-text-color has-link-color wp-elements-e516d147d1f542eddd400c4e7f070c35\">A ideia do projeto surgiu da necessidade de aproximar a sociedade dos mecanismos de fomento \u00e0 cultura, desmistificando como funcionam as leis de incentivo e quais impactos reais esses financiamentos geram na cena art\u00edstica e na comunidade. Com um formato din\u00e2mico e acess\u00edvel, o POD PQP busca ser uma ponte entre criadores, gestores e o p\u00fablico, promovendo debates esclarecedores sobre os desafios e conquistas do setor cultural.<\/p>\n\n\n\n<p class=\"has-white-color has-text-color\">Al\u00e9m disso, o podcast contribui para fortalecer a valoriza\u00e7\u00e3o da cultura e incentivar novas iniciativas, mostrando hist\u00f3rias inspiradoras de artistas e profissionais que fazem a diferen\u00e7a no cen\u00e1rio cultural. Com entrevistas aprofundadas e uma abordagem descontra\u00edda, o POD PQP se prop\u00f5e a ser uma refer\u00eancia no debate sobre pol\u00edticas culturais e seu impacto na sociedade.<\/p>\n<\/div>\n\n\n\n<div class=\"wp-block-column is-layout-flow wp-block-column-is-layout-flow\" style=\"flex-basis:25%\"><\/div>\n<\/div>\n\n\n\n<figure class=\"wp-block-embed is-type-video is-provider-youtube wp-block-embed-youtube wp-embed-aspect-16-9 wp-has-aspect-ratio\"><div class=\"wp-block-embed__wrapper\">\n<iframe loading=\"lazy\" title=\"Sob a B\u00ean\u00e7\u00e3o do Ros\u00e1rio. Trailler\" width=\"950\" height=\"534\" src=\"https:\/\/www.youtube.com\/embed\/TOAbIFOPALU?feature=oembed\" frameborder=\"0\" allow=\"accelerometer; autoplay; clipboard-write; encrypted-media; gyroscope; picture-in-picture; web-share\" referrerpolicy=\"strict-origin-when-cross-origin\" allowfullscreen><\/iframe>\n<\/div><\/figure>\n\n\n\n<div class=\"wp-block-columns is-layout-flex wp-container-core-columns-is-layout-28f84493 wp-block-columns-is-layout-flex\">\n<div class=\"wp-block-column is-layout-flow wp-block-column-is-layout-flow\" style=\"flex-basis:25%\"><\/div>\n\n\n\n<div class=\"wp-block-column is-layout-flow wp-block-column-is-layout-flow\" style=\"flex-basis:50%\">\n<h2 class=\"wp-block-heading has-white-color has-text-color\">\u201cSob a B\u00ean\u00e7\u00e3o do Ros\u00e1rio \u2013 O Sincretismo Religioso. F\u00e9 e Tradi\u00e7\u00e3o de um Povo\u201d<\/h2>\n\n\n\n<p class=\"has-white-color has-text-color\">O document\u00e1rio \u201cSob a B\u00ean\u00e7\u00e3o do Ros\u00e1rio \u2013 O Sincretismo Religioso. F\u00e9 e Tradi\u00e7\u00e3o de um Povo\u201d teve sua estreia oficial durante o Curta Monl\u00e9 \u2013 Festival de Filmes, Curtas e Document\u00e1rios de Jo\u00e3o Monlevade, sendo consagrado com dois dos principais pr\u00eamios do evento:<\/p>\n\n\n\n<p class=\"has-white-color has-text-color has-link-color wp-elements-d45058de77391e7ac7053a54df5f22a5\">\ud83c\udfc6 1\u00ba lugar na categoria Document\u00e1rio<br>\ud83c\udfc6 1\u00ba lugar no J\u00fari Popular<\/p>\n\n\n\n<p class=\"has-white-color has-text-color has-link-color wp-elements-28df5fcc26cec2e4d27da403273b9485\">A obra mergulha na riqueza do sincretismo religioso presente nas manifesta\u00e7\u00f5es culturais de Jo\u00e3o Monlevade e regi\u00e3o, destacando a for\u00e7a da f\u00e9, da ancestralidade e das tradi\u00e7\u00f5es que atravessam gera\u00e7\u00f5es. Com sensibilidade e profundidade, o filme d\u00e1 voz a personagens que mant\u00eam viva a espiritualidade popular, revelando como a devo\u00e7\u00e3o e a heran\u00e7a afro-brasileira se entrela\u00e7am em celebra\u00e7\u00f5es marcantes.<\/p>\n\n\n\n<p class=\"has-white-color has-text-color has-link-color wp-elements-5141697851bad44bf5e420a9b9c991f3\">A premia\u00e7\u00e3o representa n\u00e3o apenas um reconhecimento art\u00edstico, mas tamb\u00e9m o valor de preservar e divulgar hist\u00f3rias que comp\u00f5em o tecido cultural do nosso povo.<\/p>\n\n\n\n<p class=\"has-white-color has-text-color\">Parabenizamos toda a equipe envolvida na produ\u00e7\u00e3o do document\u00e1rio por esse resultado expressivo e por contribuir com um olhar aut\u00eantico e respeitoso sobre a religiosidade e a identidade local.<\/p>\n<\/div>\n\n\n\n<div class=\"wp-block-column is-layout-flow wp-block-column-is-layout-flow\" style=\"flex-basis:25%\"><\/div>\n<\/div>\n\n\n\n<h2 class=\"wp-block-heading has-white-color has-text-color\"><\/h2>\n\n\n\n<p class=\"has-white-color has-text-color\"><\/p>\n<\/div>\n\n\n\n<p><\/p>\n","protected":false},"excerpt":{"rendered":"<p>PODPQP ONDE TUDO \u00c9 PERMETIDO. MAS, NEM TUDO N\u00d3S CONV\u00caM! Link spotify PODPQP O POD PQP \u00e9 um podcast inovador com o objetivo de entrevistar agentes p\u00fablicos e artistas contemplados por leis de incentivo cultural. Nosso prop\u00f3sito \u00e9 ampliar a transpar\u00eancia sobre o uso desses recursos, destacar a import\u00e2ncia dos investimentos na cultura e dar &hellip; <\/p>\n<p class=\"link-more\"><a href=\"https:\/\/brasilpqp.com\/\" class=\"more-link\">Leia mais<span class=\"screen-reader-text\"> &#8220;&#8221;<\/span><\/a><\/p>\n","protected":false},"author":1,"featured_media":84,"parent":0,"menu_order":0,"comment_status":"closed","ping_status":"closed","template":"","meta":{"inspiro_hide_title":false,"footnotes":""},"class_list":["post-83","page","type-page","status-publish","has-post-thumbnail","hentry"],"_links":{"self":[{"href":"https:\/\/brasilpqp.com\/index.php?rest_route=\/wp\/v2\/pages\/83","targetHints":{"allow":["GET"]}}],"collection":[{"href":"https:\/\/brasilpqp.com\/index.php?rest_route=\/wp\/v2\/pages"}],"about":[{"href":"https:\/\/brasilpqp.com\/index.php?rest_route=\/wp\/v2\/types\/page"}],"author":[{"embeddable":true,"href":"https:\/\/brasilpqp.com\/index.php?rest_route=\/wp\/v2\/users\/1"}],"replies":[{"embeddable":true,"href":"https:\/\/brasilpqp.com\/index.php?rest_route=%2Fwp%2Fv2%2Fcomments&post=83"}],"version-history":[{"count":19,"href":"https:\/\/brasilpqp.com\/index.php?rest_route=\/wp\/v2\/pages\/83\/revisions"}],"predecessor-version":[{"id":185,"href":"https:\/\/brasilpqp.com\/index.php?rest_route=\/wp\/v2\/pages\/83\/revisions\/185"}],"wp:featuredmedia":[{"embeddable":true,"href":"https:\/\/brasilpqp.com\/index.php?rest_route=\/wp\/v2\/media\/84"}],"wp:attachment":[{"href":"https:\/\/brasilpqp.com\/index.php?rest_route=%2Fwp%2Fv2%2Fmedia&parent=83"}],"curies":[{"name":"wp","href":"https:\/\/api.w.org\/{rel}","templated":true}]}}