{"id":2,"date":"2024-03-26T00:34:17","date_gmt":"2024-03-26T00:34:17","guid":{"rendered":"https:\/\/brasilpqp.com\/?page_id=2"},"modified":"2025-06-25T01:00:45","modified_gmt":"2025-06-25T01:00:45","slug":"sample-page","status":"publish","type":"page","link":"https:\/\/brasilpqp.com\/?page_id=2","title":{"rendered":"Curta Monl\u00e9"},"content":{"rendered":"\n<div class=\"wp-block-group alignfull pattern_multiple_covers has-white-color has-primary-background-color has-text-color has-background has-link-color wp-elements-3e778ee2ca757beee8a0bca3430984f0 has-global-padding is-layout-constrained wp-block-group-is-layout-constrained\" id=\"services\">\n<div style=\"height:43px\" aria-hidden=\"true\" class=\"wp-block-spacer\"><\/div>\n\n\n\n<h2 class=\"wp-block-heading has-text-align-left has-secondary-color has-text-color\"><strong>II CURTA MONL<\/strong>\u00c9 &#8211; 2025<\/h2>\n\n\n\n<figure class=\"wp-block-gallery has-nested-images columns-default is-cropped wp-block-gallery-1 is-layout-flex wp-block-gallery-is-layout-flex\">\n<figure class=\"wp-block-image size-large\"><img decoding=\"async\" data-id=\"678\" src=\"https:\/\/curtamonle.com\/wp-content\/uploads\/2025\/05\/CURTAMONLE01-724x1024.jpeg\" alt=\"\" class=\"wp-image-678\"\/><\/figure>\n\n\n\n<figure class=\"wp-block-image size-large\"><img decoding=\"async\" data-id=\"677\" src=\"https:\/\/curtamonle.com\/wp-content\/uploads\/2025\/05\/CURTAMONLE03-724x1024.jpeg\" alt=\"\" class=\"wp-image-677\"\/><\/figure>\n\n\n\n<figure class=\"wp-block-image size-large\"><img decoding=\"async\" data-id=\"679\" src=\"https:\/\/curtamonle.com\/wp-content\/uploads\/2025\/05\/CURTAMONLE02-724x1024.jpeg\" alt=\"\" class=\"wp-image-679\"\/><\/figure>\n<\/figure>\n\n\n\n<figure class=\"wp-block-gallery has-nested-images columns-default is-cropped wp-block-gallery-2 is-layout-flex wp-block-gallery-is-layout-flex\">\n<figure class=\"wp-block-image size-large\"><img decoding=\"async\" data-id=\"675\" src=\"https:\/\/curtamonle.com\/wp-content\/uploads\/2025\/05\/CM01-813x1024.jpeg\" alt=\"\" class=\"wp-image-675\"\/><\/figure>\n\n\n\n<figure class=\"wp-block-image size-large\"><img decoding=\"async\" data-id=\"672\" src=\"https:\/\/curtamonle.com\/wp-content\/uploads\/2025\/05\/CM04-806x1024.jpeg\" alt=\"\" class=\"wp-image-672\"\/><\/figure>\n\n\n\n<figure class=\"wp-block-image size-large\"><img decoding=\"async\" data-id=\"671\" src=\"https:\/\/curtamonle.com\/wp-content\/uploads\/2025\/05\/CM05-807x1024.jpeg\" alt=\"\" class=\"wp-image-671\"\/><\/figure>\n<\/figure>\n\n\n\n<h2 class=\"wp-block-heading has-text-align-left has-white-color has-text-color has-link-color wp-elements-ec0e2821c608c1fe701122df5136671d\"><\/h2>\n\n\n\n<h2 class=\"wp-block-heading has-lightgrey-color has-text-color has-link-color wp-elements-9578e7e57a0664aa2595239d0d937842\" id=\"inspiro-is-a-digital-product-agency-that-focuses-on-strategy-and-design\"><strong>CURTA MONL\u00c9<\/strong>&nbsp;\u2013&nbsp;<strong><em>Festival de Filmes, Curtas<\/em><\/strong>&nbsp;<strong><em>e Document\u00e1rios de Jo\u00e3o Monlevade<\/em><\/strong><\/h2>\n\n\n\n<h3 class=\"wp-block-heading has-lightgrey-color has-text-color has-link-color wp-elements-6c9ec14e645b0ca7a90b2b0da2fd203e\"><strong>LOCAL:&nbsp;<\/strong>ICEA\/UFOP CAMPUS JO\u00c3O MONLEVADE<\/h3>\n\n\n\n<p><br><\/p>\n\n\n\n<h2 class=\"wp-block-heading\"><a href=\"https:\/\/www.curtamonle.com\" target=\"_blank\" rel=\"noreferrer noopener\">www.curtamonle.com<\/a><\/h2>\n\n\n\n<p><\/p>\n\n\n\n<hr class=\"wp-block-separator has-alpha-channel-opacity is-style-wide\"\/>\n\n\n\n<h2 class=\"wp-block-heading has-text-align-center has-tertiary-color has-text-color has-link-color wp-elements-031f51a7a8b3d050c25a9f394121bd3c\"><strong>I CURTA MONL<\/strong>\u00c9 &#8211; 2010 &#8211; <strong>EM CARTAZ OBRAS DO CINEASTA S\u00c9RGIO P\u00c9O<\/strong><\/h2>\n\n\n\n<div class=\"wp-block-columns is-layout-flex wp-container-core-columns-is-layout-28f84493 wp-block-columns-is-layout-flex\">\n<div class=\"wp-block-column is-layout-flow wp-block-column-is-layout-flow\" style=\"padding-top:0;padding-right:0;padding-bottom:0;padding-left:0\">\n<div class=\"wp-block-cover has-custom-content-position is-position-bottom-left\" style=\"padding-top:var(--wp--preset--spacing--small);padding-right:var(--wp--preset--spacing--x-small);padding-bottom:var(--wp--preset--spacing--small);padding-left:var(--wp--preset--spacing--x-small)\"><img decoding=\"async\" class=\"wp-block-cover__image-background wp-image-37\" alt=\"\" src=\"https:\/\/curtamonle.com\/wp-content\/uploads\/2024\/06\/ABCBRASIL.png\" data-object-fit=\"cover\"\/><span aria-hidden=\"true\" class=\"wp-block-cover__background has-primary-background-color has-background-dim-70 has-background-dim\"><\/span><div class=\"wp-block-cover__inner-container is-layout-flow wp-block-cover-is-layout-flow\">\n<h3 class=\"wp-block-heading has-white-color has-text-color has-medium-font-size\" style=\"margin-top:0;margin-right:0;margin-bottom:0;margin-left:0\">ABC<br>Brasil<\/h3>\n\n\n\n<p class=\"has-secondary-color has-text-color has-link-color wp-elements-4cd35816c613dab9285060526d04f900\" style=\"margin-top:0;margin-right:0;margin-bottom:0;margin-left:0\"><a href=\"https:\/\/www.youtube.com\/watch?v=lsB5Z9TA92I\" target=\"_blank\" rel=\"noreferrer noopener\">Assista \u2192<\/a><\/p>\n<\/div><\/div>\n<\/div>\n\n\n\n<div class=\"wp-block-column is-layout-flow wp-block-column-is-layout-flow\" style=\"padding-top:0;padding-right:0;padding-bottom:0;padding-left:0\">\n<div class=\"wp-block-cover has-custom-content-position is-position-bottom-left\" style=\"padding-top:var(--wp--preset--spacing--small);padding-right:var(--wp--preset--spacing--x-small);padding-bottom:var(--wp--preset--spacing--small);padding-left:var(--wp--preset--spacing--x-small)\"><img decoding=\"async\" class=\"wp-block-cover__image-background wp-image-38\" alt=\"\" src=\"https:\/\/curtamonle.com\/wp-content\/uploads\/2024\/06\/CINEMACAO.png\" data-object-fit=\"cover\"\/><span aria-hidden=\"true\" class=\"wp-block-cover__background has-primary-background-color has-background-dim-70 has-background-dim\"><\/span><div class=\"wp-block-cover__inner-container is-layout-flow wp-block-cover-is-layout-flow\">\n<h3 class=\"wp-block-heading has-white-color has-text-color has-medium-font-size\" style=\"margin-top:0;margin-right:0;margin-bottom:0;margin-left:0\">Cinema\u00e7\u00e3o<br>Curtametralha<\/h3>\n\n\n\n<p class=\"has-secondary-color has-text-color has-link-color wp-elements-9f1c24b0776a10a73850dc932d7d8116\" style=\"margin-top:0;margin-right:0;margin-bottom:0;margin-left:0\"><a href=\"https:\/\/www.youtube.com\/watch?v=Fm0-TZa2ZXk\" target=\"_blank\" rel=\"noreferrer noopener\">Assista \u2192<\/a><\/p>\n<\/div><\/div>\n<\/div>\n\n\n\n<div class=\"wp-block-column is-layout-flow wp-block-column-is-layout-flow\" style=\"padding-top:0;padding-right:0;padding-bottom:0;padding-left:0\">\n<div class=\"wp-block-cover has-custom-content-position is-position-bottom-left\" style=\"padding-top:var(--wp--preset--spacing--small);padding-right:var(--wp--preset--spacing--x-small);padding-bottom:var(--wp--preset--spacing--small);padding-left:var(--wp--preset--spacing--x-small)\"><img decoding=\"async\" class=\"wp-block-cover__image-background wp-image-39\" alt=\"\" src=\"https:\/\/curtamonle.com\/wp-content\/uploads\/2024\/06\/ROCINHA77.png\" data-object-fit=\"cover\"\/><span aria-hidden=\"true\" class=\"wp-block-cover__background has-primary-background-color has-background-dim-70 has-background-dim\"><\/span><div class=\"wp-block-cover__inner-container is-layout-flow wp-block-cover-is-layout-flow\">\n<h3 class=\"wp-block-heading has-white-color has-text-color has-medium-font-size\" style=\"margin-top:0;margin-right:0;margin-bottom:0;margin-left:0\">Rocinha<br>77<\/h3>\n\n\n\n<p class=\"has-secondary-color has-text-color has-link-color wp-elements-2893fe1d336637f272222e9cad8118bc\" style=\"margin-top:0;margin-right:0;margin-bottom:0;margin-left:0\"><a href=\"https:\/\/www.youtube.com\/watch?v=g252p-ShyF4\" target=\"_blank\" rel=\"noreferrer noopener\">Assista \u2192<\/a><\/p>\n<\/div><\/div>\n<\/div>\n<\/div>\n\n\n\n<p>S\u00e9rgio P\u00e9o (S\u00e9rgio Casemiro Juc\u00e1 dos Santos) nasceu no Par\u00e1 em 1947 e aos 12 anos se mudou para o Rio de Janeiro. \u00c9 arquiteto\/urbanista, cineasta, poeta, artista pl\u00e1stico. Estudou arquitetura e urbanismo na Universidade Federal do Rio de Janeiro e escolheu usar o cinema para retratar as condi\u00e7\u00f5es de habita\u00e7\u00e3o e comportamento urbano na cidade. Seus filmes \u201cRocinha Brasil 77\u201d e \u201cAssocia\u00e7\u00e3o dos Moradores dos Guararapes\u201d tratam destas quest\u00f5es.<br>Junto com outros cineastas de sua gera\u00e7\u00e3o, sempre se posicionou a favor de pol\u00edticas em defesa da cinematografia nacional, n\u00e3o apenas pelo desenvolvimento da mesma, mas tamb\u00e9m pela distribui\u00e7\u00e3o e espa\u00e7o para exibi\u00e7\u00e3o de seus produtos. No filme \u201cCinema\u00e7\u00e3o Curtametralha\u201d de 1980 registra e documenta parte da mem\u00f3ria desta luta.<br>Foi um dos fundadores da Corcina (Cooperativa dos Realizadores Cinematogr\u00e1ficos Aut\u00f4nomos) \u2013 junto com Silvio Da Rin, Rubem Corveto, S\u00e9rgio Rezende, Pompeu Aguiar, Marisa Le\u00e3o, Jos\u00e9 Carlos Asbeg, Jos\u00e9 Jofilly, Joathan Vilela Berbel, Lucio Aguiar, entre outros -, tendo sido o primeiro diretor-presidente da entidade. A Corcina tinha por objetivo promover e apoiar realiza\u00e7\u00f5es de produ\u00e7\u00f5es nacionais independentes, principalmente os curtas metragens. Durante 1980\/81 foi tamb\u00e9m diretor da ABD\/RJ (Associa\u00e7\u00e3o Brasileira de Documentaristas).<br>Na d\u00e9cada de 1980, acompanhou a emerg\u00eancia do movimento oper\u00e1rio e do Partido dos Trabalhadores, na regi\u00e3o do ABC paulista. No Rio de Janeiro, esteve bem pr\u00f3ximo \u00e0 movimenta\u00e7\u00e3o art\u00edstica em torno do Circo Voador e do Parque Lage, onde realizou \\\u201dO Muro \u2013 o Filme\\\u201d, em 1985.<br>Nos anos 1990 passou a dedicar-se tamb\u00e9m a pesquisas acerca dos \u00edndios brasileiros, resultando no filme \\\u201dNanderu, Panor\u00e2mica Tupinamb\u00e1\\\u201d (1991), e em produ\u00e7\u00f5es posteriores realizadas em v\u00eddeo.<br>No s\u00e9culo XXI S\u00e9rgio P\u00e9o continuou a produzir filmes em v\u00eddeo, experimentando novas linguagens, como filmes produzidos com celular e os curtas de um minuto.<br>Em paralelo \u00e0 atua\u00e7\u00e3o como cineasta, dedicou-se \u00e0s artes pl\u00e1sticas, ao design e produ\u00e7\u00e3o de m\u00f3veis, \u00e0 poesia e \u00e0 composi\u00e7\u00e3o musical.<\/p>\n\n\n\n<p><em><strong>ARQUIVO NACIONAL<\/strong>&nbsp;\u2013 <a href=\"https:\/\/dibrarq.arquivonacional.gov.br\/index.php\/sergio-p-o\" target=\"_blank\" rel=\"noreferrer noopener\">https:\/\/dibrarq.arquivonacional.gov.br\/index.php\/sergio-p-o<\/a><\/em><\/p>\n\n\n\n<figure class=\"wp-block-gallery has-nested-images columns-default is-cropped wp-block-gallery-3 is-layout-flex wp-block-gallery-is-layout-flex\">\n<figure class=\"wp-block-image size-large\"><img decoding=\"async\" data-id=\"46\" src=\"https:\/\/curtamonle.com\/wp-content\/uploads\/2024\/06\/1.jpg\" alt=\"\" class=\"wp-image-46\"\/><\/figure>\n\n\n\n<figure class=\"wp-block-image size-large\"><img decoding=\"async\" data-id=\"45\" src=\"https:\/\/curtamonle.com\/wp-content\/uploads\/2024\/06\/3.jpg\" alt=\"\" class=\"wp-image-45\"\/><\/figure>\n\n\n\n<figure class=\"wp-block-image size-large\"><img decoding=\"async\" data-id=\"44\" src=\"https:\/\/curtamonle.com\/wp-content\/uploads\/2024\/06\/2.jpg\" alt=\"\" class=\"wp-image-44\"\/><\/figure>\n<\/figure>\n\n\n\n<div style=\"height:46px\" aria-hidden=\"true\" class=\"wp-block-spacer\"><\/div>\n\n\n\n<div style=\"height:103px\" aria-hidden=\"true\" class=\"wp-block-spacer\"><\/div>\n\n\n\n<h2 class=\"wp-block-heading has-white-color has-primary-background-color has-text-color has-background has-link-color wp-elements-e4916a363a99610cb49e9e08e69d97cf\"><\/h2>\n<\/div>\n\n\n\n<p><\/p>\n\n\n\n<figure class=\"wp-block-image alignfull size-large\"><img loading=\"lazy\" decoding=\"async\" width=\"1024\" height=\"140\" src=\"https:\/\/brasilpqp.com\/wp-content\/uploads\/2025\/06\/bannercurtamonle-1024x140.jpg\" alt=\"\" class=\"wp-image-207\" srcset=\"https:\/\/brasilpqp.com\/wp-content\/uploads\/2025\/06\/bannercurtamonle-1024x140.jpg 1024w, https:\/\/brasilpqp.com\/wp-content\/uploads\/2025\/06\/bannercurtamonle-300x41.jpg 300w, https:\/\/brasilpqp.com\/wp-content\/uploads\/2025\/06\/bannercurtamonle.jpg 2000w\" sizes=\"auto, (max-width: 1024px) 100vw, 1024px\" \/><\/figure>\n","protected":false},"excerpt":{"rendered":"<p>II CURTA MONL\u00c9 &#8211; 2025 CURTA MONL\u00c9&nbsp;\u2013&nbsp;Festival de Filmes, Curtas&nbsp;e Document\u00e1rios de Jo\u00e3o Monlevade LOCAL:&nbsp;ICEA\/UFOP CAMPUS JO\u00c3O MONLEVADE www.curtamonle.com I CURTA MONL\u00c9 &#8211; 2010 &#8211; EM CARTAZ OBRAS DO CINEASTA S\u00c9RGIO P\u00c9O S\u00e9rgio P\u00e9o (S\u00e9rgio Casemiro Juc\u00e1 dos Santos) nasceu no Par\u00e1 em 1947 e aos 12 anos se mudou para o Rio de Janeiro. &hellip; <\/p>\n<p class=\"link-more\"><a href=\"https:\/\/brasilpqp.com\/?page_id=2\" class=\"more-link\">Leia mais<span class=\"screen-reader-text\"> &#8220;Curta Monl\u00e9&#8221;<\/span><\/a><\/p>\n","protected":false},"author":1,"featured_media":18,"parent":0,"menu_order":0,"comment_status":"closed","ping_status":"open","template":"","meta":{"inspiro_hide_title":false,"footnotes":""},"class_list":["post-2","page","type-page","status-publish","has-post-thumbnail","hentry"],"_links":{"self":[{"href":"https:\/\/brasilpqp.com\/index.php?rest_route=\/wp\/v2\/pages\/2","targetHints":{"allow":["GET"]}}],"collection":[{"href":"https:\/\/brasilpqp.com\/index.php?rest_route=\/wp\/v2\/pages"}],"about":[{"href":"https:\/\/brasilpqp.com\/index.php?rest_route=\/wp\/v2\/types\/page"}],"author":[{"embeddable":true,"href":"https:\/\/brasilpqp.com\/index.php?rest_route=\/wp\/v2\/users\/1"}],"replies":[{"embeddable":true,"href":"https:\/\/brasilpqp.com\/index.php?rest_route=%2Fwp%2Fv2%2Fcomments&post=2"}],"version-history":[{"count":7,"href":"https:\/\/brasilpqp.com\/index.php?rest_route=\/wp\/v2\/pages\/2\/revisions"}],"predecessor-version":[{"id":210,"href":"https:\/\/brasilpqp.com\/index.php?rest_route=\/wp\/v2\/pages\/2\/revisions\/210"}],"wp:featuredmedia":[{"embeddable":true,"href":"https:\/\/brasilpqp.com\/index.php?rest_route=\/wp\/v2\/media\/18"}],"wp:attachment":[{"href":"https:\/\/brasilpqp.com\/index.php?rest_route=%2Fwp%2Fv2%2Fmedia&parent=2"}],"curies":[{"name":"wp","href":"https:\/\/api.w.org\/{rel}","templated":true}]}}